{"id":3279,"date":"2021-11-17T00:27:01","date_gmt":"2021-11-17T00:27:01","guid":{"rendered":"https:\/\/maappuscss.wpengine.com\/contactenos\/"},"modified":"2022-01-11T17:51:03","modified_gmt":"2022-01-11T17:51:03","slug":"contactenos","status":"publish","type":"page","link":"https:\/\/maapp.uscenterforsafesport.org\/es\/contactenos\/","title":{"rendered":"Cont\u00e1ctenos"},"content":{"rendered":"\t\t<div data-elementor-type=\"wp-page\" data-elementor-id=\"3279\" class=\"elementor elementor-3279 elementor-37\" data-elementor-post-type=\"page\">\n\t\t\t\t\t\t<section class=\"elementor-section elementor-top-section elementor-element elementor-element-3b3c886c elementor-hidden-phone elementor-section-boxed elementor-section-height-default elementor-section-height-default\" data-id=\"3b3c886c\" data-element_type=\"section\" data-e-type=\"section\" data-settings=\"{&quot;background_background&quot;:&quot;classic&quot;}\">\n\t\t\t\t\t\t<div class=\"elementor-container elementor-column-gap-default\">\n\t\t\t\t\t<div class=\"elementor-column elementor-col-100 elementor-top-column elementor-element elementor-element-40ccd1d6\" data-id=\"40ccd1d6\" data-element_type=\"column\" data-e-type=\"column\">\n\t\t\t<div class=\"elementor-widget-wrap elementor-element-populated\">\n\t\t\t\t\t\t<div class=\"elementor-element elementor-element-5f35066d elementor-widget elementor-widget-spacer\" data-id=\"5f35066d\" data-element_type=\"widget\" data-e-type=\"widget\" data-widget_type=\"spacer.default\">\n\t\t\t\t<div class=\"elementor-widget-container\">\n\t\t\t\t\t\t\t<div class=\"elementor-spacer\">\n\t\t\t<div class=\"elementor-spacer-inner\"><\/div>\n\t\t<\/div>\n\t\t\t\t\t\t<\/div>\n\t\t\t\t<\/div>\n\t\t\t\t\t<\/div>\n\t\t<\/div>\n\t\t\t\t\t<\/div>\n\t\t<\/section>\n\t\t\t\t<section class=\"elementor-section elementor-top-section elementor-element elementor-element-7679dc5d elementor-section-boxed elementor-section-height-default elementor-section-height-default\" data-id=\"7679dc5d\" data-element_type=\"section\" data-e-type=\"section\" data-settings=\"{&quot;background_background&quot;:&quot;classic&quot;}\">\n\t\t\t\t\t\t<div class=\"elementor-container elementor-column-gap-no\">\n\t\t\t\t\t<div class=\"elementor-column elementor-col-100 elementor-top-column elementor-element elementor-element-7a325f55\" data-id=\"7a325f55\" data-element_type=\"column\" data-e-type=\"column\">\n\t\t\t<div class=\"elementor-widget-wrap elementor-element-populated\">\n\t\t\t\t\t\t<div class=\"elementor-element elementor-element-76f86f0a elementor-widget elementor-widget-heading\" data-id=\"76f86f0a\" data-element_type=\"widget\" data-e-type=\"widget\" data-widget_type=\"heading.default\">\n\t\t\t\t<div class=\"elementor-widget-container\">\n\t\t\t\t\t<h1 class=\"elementor-heading-title elementor-size-default\">Cont\u00e1ctenos<\/h1>\t\t\t\t<\/div>\n\t\t\t\t<\/div>\n\t\t\t\t\t<\/div>\n\t\t<\/div>\n\t\t\t\t\t<\/div>\n\t\t<\/section>\n\t\t\t\t<section class=\"elementor-section elementor-top-section elementor-element elementor-element-6cea3407 elementor-hidden-desktop elementor-hidden-tablet elementor-section-boxed elementor-section-height-default elementor-section-height-default\" data-id=\"6cea3407\" data-element_type=\"section\" data-e-type=\"section\" data-settings=\"{&quot;background_background&quot;:&quot;classic&quot;}\">\n\t\t\t\t\t\t<div class=\"elementor-container elementor-column-gap-default\">\n\t\t\t\t\t<div class=\"elementor-column elementor-col-100 elementor-top-column elementor-element elementor-element-3af94553\" data-id=\"3af94553\" data-element_type=\"column\" data-e-type=\"column\">\n\t\t\t<div class=\"elementor-widget-wrap elementor-element-populated\">\n\t\t\t\t\t\t<div class=\"elementor-element elementor-element-d86f178 elementor-hidden-desktop elementor-hidden-tablet elementor-widget elementor-widget-spacer\" data-id=\"d86f178\" data-element_type=\"widget\" data-e-type=\"widget\" data-widget_type=\"spacer.default\">\n\t\t\t\t<div class=\"elementor-widget-container\">\n\t\t\t\t\t\t\t<div class=\"elementor-spacer\">\n\t\t\t<div class=\"elementor-spacer-inner\"><\/div>\n\t\t<\/div>\n\t\t\t\t\t\t<\/div>\n\t\t\t\t<\/div>\n\t\t\t\t\t<\/div>\n\t\t<\/div>\n\t\t\t\t\t<\/div>\n\t\t<\/section>\n\t\t\t\t<section class=\"elementor-section elementor-top-section elementor-element elementor-element-22f83612 elementor-section-boxed elementor-section-height-default elementor-section-height-default\" data-id=\"22f83612\" data-element_type=\"section\" data-e-type=\"section\" data-settings=\"{&quot;background_background&quot;:&quot;classic&quot;}\">\n\t\t\t\t\t\t<div class=\"elementor-container elementor-column-gap-no\">\n\t\t\t\t\t<div class=\"elementor-column elementor-col-66 elementor-top-column elementor-element elementor-element-3815da33\" data-id=\"3815da33\" data-element_type=\"column\" data-e-type=\"column\">\n\t\t\t<div class=\"elementor-widget-wrap elementor-element-populated\">\n\t\t\t\t\t\t<div class=\"elementor-element elementor-element-772ecef4 elementor-widget elementor-widget-image\" data-id=\"772ecef4\" data-element_type=\"widget\" data-e-type=\"widget\" data-widget_type=\"image.default\">\n\t\t\t\t<div class=\"elementor-widget-container\">\n\t\t\t\t\t\t\t\t\t\t\t\t\t\t\t<img decoding=\"async\" width=\"99\" height=\"17\" src=\"https:\/\/maapp.uscenterforsafesport.org\/wp-content\/uploads\/2021\/07\/icon-header-dashes.png\" class=\"attachment-full size-full wp-image-253\" alt=\"A vector of three angled white dashes\" \/>\t\t\t\t\t\t\t\t\t\t\t\t\t\t\t<\/div>\n\t\t\t\t<\/div>\n\t\t\t\t<div class=\"elementor-element elementor-element-5cbeb3bc elementor-widget elementor-widget-heading\" data-id=\"5cbeb3bc\" data-element_type=\"widget\" data-e-type=\"widget\" data-widget_type=\"heading.default\">\n\t\t\t\t<div class=\"elementor-widget-container\">\n\t\t\t\t\t<h2 class=\"elementor-heading-title elementor-size-default\">Estamos aqu\u00ed para responder a sus preguntas<\/h2>\t\t\t\t<\/div>\n\t\t\t\t<\/div>\n\t\t\t\t\t<\/div>\n\t\t<\/div>\n\t\t\t\t<div class=\"elementor-column elementor-col-33 elementor-top-column elementor-element elementor-element-77696c90\" data-id=\"77696c90\" data-element_type=\"column\" data-e-type=\"column\">\n\t\t\t<div class=\"elementor-widget-wrap\">\n\t\t\t\t\t\t\t<\/div>\n\t\t<\/div>\n\t\t\t\t\t<\/div>\n\t\t<\/section>\n\t\t\t\t<section class=\"elementor-section elementor-top-section elementor-element elementor-element-4a64e627 elementor-section-boxed elementor-section-height-default elementor-section-height-default\" data-id=\"4a64e627\" data-element_type=\"section\" data-e-type=\"section\">\n\t\t\t\t\t\t<div class=\"elementor-container elementor-column-gap-default\">\n\t\t\t\t\t<div class=\"elementor-column elementor-col-100 elementor-top-column elementor-element elementor-element-256aa645\" data-id=\"256aa645\" data-element_type=\"column\" data-e-type=\"column\">\n\t\t\t<div class=\"elementor-widget-wrap elementor-element-populated\">\n\t\t\t\t\t\t<div class=\"elementor-element elementor-element-2337257a elementor-widget elementor-widget-text-editor\" data-id=\"2337257a\" data-element_type=\"widget\" data-e-type=\"widget\" data-widget_type=\"text-editor.default\">\n\t\t\t\t<div class=\"elementor-widget-container\">\n\t\t\t\t\t\t\t\t\t<p style=\"text-align: center;\">Si tiene alguna pregunta sobre las Pol\u00edticas de Prevenci\u00f3n del Abuso de Atletas Menores (MAAPP), incluido c\u00f3mo puede implementar el MAAPP en su organizaci\u00f3n deportiva, o cualquier pregunta sobre los criterios y la aplicaci\u00f3n de la pol\u00edtica, complete este formulario y haremos todo lo posible para ayuda.<\/p>\n\t\t\t\t\t\t\t\t<\/div>\n\t\t\t\t<\/div>\n\t\t\t\t\t<\/div>\n\t\t<\/div>\n\t\t\t\t\t<\/div>\n\t\t<\/section>\n\t\t\t\t<section class=\"elementor-section elementor-top-section elementor-element elementor-element-6dbdb795 elementor-section-boxed elementor-section-height-default elementor-section-height-default\" data-id=\"6dbdb795\" data-element_type=\"section\" data-e-type=\"section\">\n\t\t\t\t\t\t<div class=\"elementor-container elementor-column-gap-default\">\n\t\t\t\t\t<div class=\"elementor-column elementor-col-100 elementor-top-column elementor-element elementor-element-3c52ec59\" data-id=\"3c52ec59\" data-element_type=\"column\" data-e-type=\"column\">\n\t\t\t<div class=\"elementor-widget-wrap elementor-element-populated\">\n\t\t\t\t\t\t<div class=\"elementor-element elementor-element-8fde249 elementor-button-align-stretch elementor-widget elementor-widget-form\" data-id=\"8fde249\" data-element_type=\"widget\" data-e-type=\"widget\" data-settings=\"{&quot;step_next_label&quot;:&quot;pr\\u00f3ximo&quot;,&quot;step_previous_label&quot;:&quot;Anterior&quot;,&quot;button_width&quot;:&quot;100&quot;,&quot;step_type&quot;:&quot;number_text&quot;,&quot;step_icon_shape&quot;:&quot;circle&quot;}\" data-widget_type=\"form.default\">\n\t\t\t\t<div class=\"elementor-widget-container\">\n\t\t\t\t\t\t\t<form class=\"elementor-form\" method=\"post\" name=\"Nueva forma\" aria-label=\"Nueva forma\">\n\t\t\t<input type=\"hidden\" name=\"post_id\" value=\"3279\"\/>\n\t\t\t<input type=\"hidden\" name=\"form_id\" value=\"8fde249\"\/>\n\t\t\t<input type=\"hidden\" name=\"referer_title\" value=\"Cont\u00e1ctenos | Safesport MAAPP\" \/>\n\n\t\t\t\t\t\t\t<input type=\"hidden\" name=\"queried_id\" value=\"3279\"\/>\n\t\t\t\n\t\t\t<div class=\"elementor-form-fields-wrapper elementor-labels-above\">\n\t\t\t\t\t\t\t\t<div class=\"elementor-field-type-text elementor-field-group elementor-column elementor-field-group-name elementor-col-100\">\n\t\t\t\t\t\t\t\t\t\t\t\t<label for=\"form-field-name\" class=\"elementor-field-label\">\n\t\t\t\t\t\t\t\tNombre\t\t\t\t\t\t\t<\/label>\n\t\t\t\t\t\t\t\t\t\t\t\t\t\t<input size=\"1\" type=\"text\" name=\"form_fields[name]\" id=\"form-field-name\" class=\"elementor-field elementor-size-sm  elementor-field-textual\" placeholder=\"Nombre\">\n\t\t\t\t\t\t\t\t\t\t\t<\/div>\n\t\t\t\t\t\t\t\t<div class=\"elementor-field-type-email elementor-field-group elementor-column elementor-field-group-email elementor-col-100 elementor-field-required\">\n\t\t\t\t\t\t\t\t\t\t\t\t<label for=\"form-field-email\" class=\"elementor-field-label\">\n\t\t\t\t\t\t\t\tCorreo electr\u00f3nico\t\t\t\t\t\t\t<\/label>\n\t\t\t\t\t\t\t\t\t\t\t\t\t\t<input size=\"1\" type=\"email\" name=\"form_fields[email]\" id=\"form-field-email\" class=\"elementor-field elementor-size-sm  elementor-field-textual\" placeholder=\"Correo electr\u00f3nico\" required=\"required\">\n\t\t\t\t\t\t\t\t\t\t\t<\/div>\n\t\t\t\t\t\t\t\t<div class=\"elementor-field-type-textarea elementor-field-group elementor-column elementor-field-group-message elementor-col-100\">\n\t\t\t\t\t\t\t\t\t\t\t\t<label for=\"form-field-message\" class=\"elementor-field-label\">\n\t\t\t\t\t\t\t\tMensaje\t\t\t\t\t\t\t<\/label>\n\t\t\t\t\t\t<textarea class=\"elementor-field-textual elementor-field  elementor-size-sm\" name=\"form_fields[message]\" id=\"form-field-message\" rows=\"4\" placeholder=\"Mensaje\"><\/textarea>\t\t\t\t<\/div>\n\t\t\t\t\t\t\t\t<div class=\"elementor-field-group elementor-column elementor-field-type-submit elementor-col-100 e-form__buttons\">\n\t\t\t\t\t<button class=\"elementor-button elementor-size-sm\" type=\"submit\">\n\t\t\t\t\t\t<span class=\"elementor-button-content-wrapper\">\n\t\t\t\t\t\t\t\t\t\t\t\t\t\t\t\t\t\t\t\t\t\t<span class=\"elementor-button-text\">Enviar<\/span>\n\t\t\t\t\t\t\t\t\t\t\t\t\t<\/span>\n\t\t\t\t\t<\/button>\n\t\t\t\t<\/div>\n\t\t\t<\/div>\n\t\t<\/form>\n\t\t\t\t\t\t<\/div>\n\t\t\t\t<\/div>\n\t\t\t\t\t<\/div>\n\t\t<\/div>\n\t\t\t\t\t<\/div>\n\t\t<\/section>\n\t\t\t\t<section class=\"elementor-section elementor-top-section elementor-element elementor-element-2de6fb54 elementor-section-boxed elementor-section-height-default elementor-section-height-default\" data-id=\"2de6fb54\" data-element_type=\"section\" data-e-type=\"section\">\n\t\t\t\t\t\t<div class=\"elementor-container elementor-column-gap-default\">\n\t\t\t\t\t<div class=\"elementor-column elementor-col-100 elementor-top-column elementor-element elementor-element-52721fa1\" data-id=\"52721fa1\" data-element_type=\"column\" data-e-type=\"column\">\n\t\t\t<div class=\"elementor-widget-wrap elementor-element-populated\">\n\t\t\t\t\t\t<section class=\"elementor-section elementor-inner-section elementor-element elementor-element-12277bf5 elementor-section-boxed elementor-section-height-default elementor-section-height-default\" data-id=\"12277bf5\" data-element_type=\"section\" data-e-type=\"section\">\n\t\t\t\t\t\t<div class=\"elementor-container elementor-column-gap-wide\">\n\t\t\t\t\t<div class=\"elementor-column elementor-col-50 elementor-inner-column elementor-element elementor-element-65dc7546\" data-id=\"65dc7546\" data-element_type=\"column\" data-e-type=\"column\">\n\t\t\t<div class=\"elementor-widget-wrap elementor-element-populated\">\n\t\t\t\t\t\t<div class=\"elementor-element elementor-element-70b1a72c elementor-widget elementor-widget-image\" data-id=\"70b1a72c\" data-element_type=\"widget\" data-e-type=\"widget\" data-widget_type=\"image.default\">\n\t\t\t\t<div class=\"elementor-widget-container\">\n\t\t\t\t\t\t\t\t\t\t\t\t\t\t\t<img fetchpriority=\"high\" decoding=\"async\" width=\"1022\" height=\"1006\" src=\"https:\/\/maapp.uscenterforsafesport.org\/wp-content\/uploads\/2021\/07\/banner-home.png\" class=\"attachment-full size-full wp-image-1208\" alt=\"Relay runner\" srcset=\"https:\/\/maapp.uscenterforsafesport.org\/wp-content\/uploads\/2021\/07\/banner-home.png 1022w, https:\/\/maapp.uscenterforsafesport.org\/wp-content\/uploads\/2021\/07\/banner-home-300x295.png 300w, https:\/\/maapp.uscenterforsafesport.org\/wp-content\/uploads\/2021\/07\/banner-home-768x756.png 768w\" sizes=\"(max-width: 1022px) 100vw, 1022px\" \/>\t\t\t\t\t\t\t\t\t\t\t\t\t\t\t<\/div>\n\t\t\t\t<\/div>\n\t\t\t\t\t<\/div>\n\t\t<\/div>\n\t\t\t\t<div class=\"elementor-column elementor-col-50 elementor-inner-column elementor-element elementor-element-32c93c5c\" data-id=\"32c93c5c\" data-element_type=\"column\" data-e-type=\"column\">\n\t\t\t<div class=\"elementor-widget-wrap elementor-element-populated\">\n\t\t\t\t\t\t<div class=\"elementor-element elementor-element-737169c elementor-widget elementor-widget-heading\" data-id=\"737169c\" data-element_type=\"widget\" data-e-type=\"widget\" data-widget_type=\"heading.default\">\n\t\t\t\t<div class=\"elementor-widget-container\">\n\t\t\t\t\t<h2 class=\"elementor-heading-title elementor-size-default\">Visite el sitio web del Centro<\/h2>\t\t\t\t<\/div>\n\t\t\t\t<\/div>\n\t\t\t\t<div class=\"elementor-element elementor-element-6a790d56 elementor-widget elementor-widget-text-editor\" data-id=\"6a790d56\" data-element_type=\"widget\" data-e-type=\"widget\" data-widget_type=\"text-editor.default\">\n\t\t\t\t<div class=\"elementor-widget-container\">\n\t\t\t\t\t\t\t\t\t<p>En <a href=\"http:\/\/uscenterforsafesport.org\" data-wplink-edit=\"true\">uscenterforsafesport.org<\/a> , encontrar\u00e1 informaci\u00f3n variada y recursos relacionados con nuestras actividades de prevenci\u00f3n del abuso en educaci\u00f3n y divulgaci\u00f3n, auditor\u00eda y cumplimiento, y respuesta y resoluci\u00f3n.<\/p>\n\t\t\t\t\t\t\t\t<\/div>\n\t\t\t\t<\/div>\n\t\t\t\t<div class=\"elementor-element elementor-element-5c46189f elementor-align-left elementor-mobile-align-center elementor-widget elementor-widget-button\" data-id=\"5c46189f\" data-element_type=\"widget\" data-e-type=\"widget\" data-widget_type=\"button.default\">\n\t\t\t\t<div class=\"elementor-widget-container\">\n\t\t\t\t\t\t\t\t\t<div class=\"elementor-button-wrapper\">\n\t\t\t\t\t<a class=\"elementor-button elementor-button-link elementor-size-sm\" href=\"http:\/\/uscenterforsafesport.org\">\n\t\t\t\t\t\t<span class=\"elementor-button-content-wrapper\">\n\t\t\t\t\t\t<span class=\"elementor-button-icon\">\n\t\t\t\t<i aria-hidden=\"true\" class=\"fas fa-arrow-right\"><\/i>\t\t\t<\/span>\n\t\t\t\t\t\t\t\t\t<span class=\"elementor-button-text\">vis\u00edtanos ahora<\/span>\n\t\t\t\t\t<\/span>\n\t\t\t\t\t<\/a>\n\t\t\t\t<\/div>\n\t\t\t\t\t\t\t\t<\/div>\n\t\t\t\t<\/div>\n\t\t\t\t\t<\/div>\n\t\t<\/div>\n\t\t\t\t\t<\/div>\n\t\t<\/section>\n\t\t\t\t\t<\/div>\n\t\t<\/div>\n\t\t\t\t\t<\/div>\n\t\t<\/section>\n\t\t\t\t<\/div>\n\t\t","protected":false},"excerpt":{"rendered":"<p>Cont\u00e1ctenos Estamos aqu\u00ed para responder a sus preguntas Si tiene alguna pregunta sobre las Pol\u00edticas de Prevenci\u00f3n del Abuso de Atletas Menores (MAAPP), incluido c\u00f3mo puede implementar el MAAPP en su organizaci\u00f3n deportiva, o cualquier pregunta sobre los criterios y la aplicaci\u00f3n de la pol\u00edtica, complete este formulario y haremos todo lo posible para ayuda. [&hellip;]<\/p>\n","protected":false},"author":1,"featured_media":0,"parent":0,"menu_order":0,"comment_status":"closed","ping_status":"closed","template":"","meta":{"footnotes":""},"class_list":["post-3279","page","type-page","status-publish","hentry"],"yoast_head":"<!-- This site is optimized with the Yoast SEO plugin v27.3 - https:\/\/yoast.com\/product\/yoast-seo-wordpress\/ -->\n<title>Cont\u00e1ctenos | Safesport MAAPP<\/title>\n<meta name=\"robots\" content=\"index, follow, max-snippet:-1, max-image-preview:large, max-video-preview:-1\" \/>\n<link rel=\"canonical\" href=\"https:\/\/maapp.uscenterforsafesport.org\/es\/contactenos\/\" \/>\n<meta property=\"og:locale\" content=\"es_ES\" \/>\n<meta property=\"og:type\" content=\"article\" \/>\n<meta property=\"og:title\" content=\"Cont\u00e1ctenos | Safesport MAAPP\" \/>\n<meta property=\"og:description\" content=\"Cont\u00e1ctenos Estamos aqu\u00ed para responder a sus preguntas Si tiene alguna pregunta sobre las Pol\u00edticas de Prevenci\u00f3n del Abuso de Atletas Menores (MAAPP), incluido c\u00f3mo puede implementar el MAAPP en su organizaci\u00f3n deportiva, o cualquier pregunta sobre los criterios y la aplicaci\u00f3n de la pol\u00edtica, complete este formulario y haremos todo lo posible para ayuda. [&hellip;]\" \/>\n<meta property=\"og:url\" content=\"https:\/\/maapp.uscenterforsafesport.org\/es\/contactenos\/\" \/>\n<meta property=\"og:site_name\" content=\"Safesport MAAPP\" \/>\n<meta property=\"article:modified_time\" content=\"2022-01-11T17:51:03+00:00\" \/>\n<meta property=\"og:image\" content=\"https:\/\/maappuscss.wpengine.com\/wp-content\/uploads\/2021\/07\/icon-header-dashes.png\" \/>\n<meta name=\"twitter:card\" content=\"summary_large_image\" \/>\n<meta name=\"twitter:label1\" content=\"Tiempo de lectura\" \/>\n\t<meta name=\"twitter:data1\" content=\"1 minuto\" \/>\n<script type=\"application\/ld+json\" class=\"yoast-schema-graph\">{\"@context\":\"https:\\\/\\\/schema.org\",\"@graph\":[{\"@type\":\"WebPage\",\"@id\":\"https:\\\/\\\/maapp.uscenterforsafesport.org\\\/es\\\/contactenos\\\/\",\"url\":\"https:\\\/\\\/maapp.uscenterforsafesport.org\\\/es\\\/contactenos\\\/\",\"name\":\"Cont\u00e1ctenos | Safesport MAAPP\",\"isPartOf\":{\"@id\":\"https:\\\/\\\/maapp.uscenterforsafesport.org\\\/es\\\/#website\"},\"primaryImageOfPage\":{\"@id\":\"https:\\\/\\\/maapp.uscenterforsafesport.org\\\/es\\\/contactenos\\\/#primaryimage\"},\"image\":{\"@id\":\"https:\\\/\\\/maapp.uscenterforsafesport.org\\\/es\\\/contactenos\\\/#primaryimage\"},\"thumbnailUrl\":\"https:\\\/\\\/maappuscss.wpengine.com\\\/wp-content\\\/uploads\\\/2021\\\/07\\\/icon-header-dashes.png\",\"datePublished\":\"2021-11-17T00:27:01+00:00\",\"dateModified\":\"2022-01-11T17:51:03+00:00\",\"breadcrumb\":{\"@id\":\"https:\\\/\\\/maapp.uscenterforsafesport.org\\\/es\\\/contactenos\\\/#breadcrumb\"},\"inLanguage\":\"es\",\"potentialAction\":[{\"@type\":\"ReadAction\",\"target\":[\"https:\\\/\\\/maapp.uscenterforsafesport.org\\\/es\\\/contactenos\\\/\"]}]},{\"@type\":\"ImageObject\",\"inLanguage\":\"es\",\"@id\":\"https:\\\/\\\/maapp.uscenterforsafesport.org\\\/es\\\/contactenos\\\/#primaryimage\",\"url\":\"https:\\\/\\\/maappuscss.wpengine.com\\\/wp-content\\\/uploads\\\/2021\\\/07\\\/icon-header-dashes.png\",\"contentUrl\":\"https:\\\/\\\/maappuscss.wpengine.com\\\/wp-content\\\/uploads\\\/2021\\\/07\\\/icon-header-dashes.png\"},{\"@type\":\"BreadcrumbList\",\"@id\":\"https:\\\/\\\/maapp.uscenterforsafesport.org\\\/es\\\/contactenos\\\/#breadcrumb\",\"itemListElement\":[{\"@type\":\"ListItem\",\"position\":1,\"name\":\"Home\",\"item\":\"https:\\\/\\\/maapp.uscenterforsafesport.org\\\/es\\\/\"},{\"@type\":\"ListItem\",\"position\":2,\"name\":\"Cont\u00e1ctenos\"}]},{\"@type\":\"WebSite\",\"@id\":\"https:\\\/\\\/maapp.uscenterforsafesport.org\\\/es\\\/#website\",\"url\":\"https:\\\/\\\/maapp.uscenterforsafesport.org\\\/es\\\/\",\"name\":\"Safesport MAAPP\",\"description\":\"Minor Athlete Abuse Prevention Policies\",\"publisher\":{\"@id\":\"https:\\\/\\\/maapp.uscenterforsafesport.org\\\/es\\\/#organization\"},\"potentialAction\":[{\"@type\":\"SearchAction\",\"target\":{\"@type\":\"EntryPoint\",\"urlTemplate\":\"https:\\\/\\\/maapp.uscenterforsafesport.org\\\/es\\\/?s={search_term_string}\"},\"query-input\":{\"@type\":\"PropertyValueSpecification\",\"valueRequired\":true,\"valueName\":\"search_term_string\"}}],\"inLanguage\":\"es\"},{\"@type\":\"Organization\",\"@id\":\"https:\\\/\\\/maapp.uscenterforsafesport.org\\\/es\\\/#organization\",\"name\":\"Minor Athlete Abuse Prevention Policies\",\"url\":\"https:\\\/\\\/maapp.uscenterforsafesport.org\\\/es\\\/\",\"logo\":{\"@type\":\"ImageObject\",\"inLanguage\":\"es\",\"@id\":\"https:\\\/\\\/maapp.uscenterforsafesport.org\\\/es\\\/#\\\/schema\\\/logo\\\/image\\\/\",\"url\":\"https:\\\/\\\/maapp.uscenterforsafesport.org\\\/wp-content\\\/uploads\\\/2021\\\/08\\\/logo-maapp-2.png\",\"contentUrl\":\"https:\\\/\\\/maapp.uscenterforsafesport.org\\\/wp-content\\\/uploads\\\/2021\\\/08\\\/logo-maapp-2.png\",\"width\":400,\"height\":400,\"caption\":\"Minor Athlete Abuse Prevention Policies\"},\"image\":{\"@id\":\"https:\\\/\\\/maapp.uscenterforsafesport.org\\\/es\\\/#\\\/schema\\\/logo\\\/image\\\/\"}}]}<\/script>\n<!-- \/ Yoast SEO plugin. -->","yoast_head_json":{"title":"Cont\u00e1ctenos | Safesport MAAPP","robots":{"index":"index","follow":"follow","max-snippet":"max-snippet:-1","max-image-preview":"max-image-preview:large","max-video-preview":"max-video-preview:-1"},"canonical":"https:\/\/maapp.uscenterforsafesport.org\/es\/contactenos\/","og_locale":"es_ES","og_type":"article","og_title":"Cont\u00e1ctenos | Safesport MAAPP","og_description":"Cont\u00e1ctenos Estamos aqu\u00ed para responder a sus preguntas Si tiene alguna pregunta sobre las Pol\u00edticas de Prevenci\u00f3n del Abuso de Atletas Menores (MAAPP), incluido c\u00f3mo puede implementar el MAAPP en su organizaci\u00f3n deportiva, o cualquier pregunta sobre los criterios y la aplicaci\u00f3n de la pol\u00edtica, complete este formulario y haremos todo lo posible para ayuda. [&hellip;]","og_url":"https:\/\/maapp.uscenterforsafesport.org\/es\/contactenos\/","og_site_name":"Safesport MAAPP","article_modified_time":"2022-01-11T17:51:03+00:00","og_image":[{"url":"https:\/\/maappuscss.wpengine.com\/wp-content\/uploads\/2021\/07\/icon-header-dashes.png","type":"","width":"","height":""}],"twitter_card":"summary_large_image","twitter_misc":{"Tiempo de lectura":"1 minuto"},"schema":{"@context":"https:\/\/schema.org","@graph":[{"@type":"WebPage","@id":"https:\/\/maapp.uscenterforsafesport.org\/es\/contactenos\/","url":"https:\/\/maapp.uscenterforsafesport.org\/es\/contactenos\/","name":"Cont\u00e1ctenos | Safesport MAAPP","isPartOf":{"@id":"https:\/\/maapp.uscenterforsafesport.org\/es\/#website"},"primaryImageOfPage":{"@id":"https:\/\/maapp.uscenterforsafesport.org\/es\/contactenos\/#primaryimage"},"image":{"@id":"https:\/\/maapp.uscenterforsafesport.org\/es\/contactenos\/#primaryimage"},"thumbnailUrl":"https:\/\/maappuscss.wpengine.com\/wp-content\/uploads\/2021\/07\/icon-header-dashes.png","datePublished":"2021-11-17T00:27:01+00:00","dateModified":"2022-01-11T17:51:03+00:00","breadcrumb":{"@id":"https:\/\/maapp.uscenterforsafesport.org\/es\/contactenos\/#breadcrumb"},"inLanguage":"es","potentialAction":[{"@type":"ReadAction","target":["https:\/\/maapp.uscenterforsafesport.org\/es\/contactenos\/"]}]},{"@type":"ImageObject","inLanguage":"es","@id":"https:\/\/maapp.uscenterforsafesport.org\/es\/contactenos\/#primaryimage","url":"https:\/\/maappuscss.wpengine.com\/wp-content\/uploads\/2021\/07\/icon-header-dashes.png","contentUrl":"https:\/\/maappuscss.wpengine.com\/wp-content\/uploads\/2021\/07\/icon-header-dashes.png"},{"@type":"BreadcrumbList","@id":"https:\/\/maapp.uscenterforsafesport.org\/es\/contactenos\/#breadcrumb","itemListElement":[{"@type":"ListItem","position":1,"name":"Home","item":"https:\/\/maapp.uscenterforsafesport.org\/es\/"},{"@type":"ListItem","position":2,"name":"Cont\u00e1ctenos"}]},{"@type":"WebSite","@id":"https:\/\/maapp.uscenterforsafesport.org\/es\/#website","url":"https:\/\/maapp.uscenterforsafesport.org\/es\/","name":"Safesport MAAPP","description":"Minor Athlete Abuse Prevention Policies","publisher":{"@id":"https:\/\/maapp.uscenterforsafesport.org\/es\/#organization"},"potentialAction":[{"@type":"SearchAction","target":{"@type":"EntryPoint","urlTemplate":"https:\/\/maapp.uscenterforsafesport.org\/es\/?s={search_term_string}"},"query-input":{"@type":"PropertyValueSpecification","valueRequired":true,"valueName":"search_term_string"}}],"inLanguage":"es"},{"@type":"Organization","@id":"https:\/\/maapp.uscenterforsafesport.org\/es\/#organization","name":"Minor Athlete Abuse Prevention Policies","url":"https:\/\/maapp.uscenterforsafesport.org\/es\/","logo":{"@type":"ImageObject","inLanguage":"es","@id":"https:\/\/maapp.uscenterforsafesport.org\/es\/#\/schema\/logo\/image\/","url":"https:\/\/maapp.uscenterforsafesport.org\/wp-content\/uploads\/2021\/08\/logo-maapp-2.png","contentUrl":"https:\/\/maapp.uscenterforsafesport.org\/wp-content\/uploads\/2021\/08\/logo-maapp-2.png","width":400,"height":400,"caption":"Minor Athlete Abuse Prevention Policies"},"image":{"@id":"https:\/\/maapp.uscenterforsafesport.org\/es\/#\/schema\/logo\/image\/"}}]}},"_links":{"self":[{"href":"https:\/\/maapp.uscenterforsafesport.org\/es\/wp-json\/wp\/v2\/pages\/3279","targetHints":{"allow":["GET"]}}],"collection":[{"href":"https:\/\/maapp.uscenterforsafesport.org\/es\/wp-json\/wp\/v2\/pages"}],"about":[{"href":"https:\/\/maapp.uscenterforsafesport.org\/es\/wp-json\/wp\/v2\/types\/page"}],"author":[{"embeddable":true,"href":"https:\/\/maapp.uscenterforsafesport.org\/es\/wp-json\/wp\/v2\/users\/1"}],"replies":[{"embeddable":true,"href":"https:\/\/maapp.uscenterforsafesport.org\/es\/wp-json\/wp\/v2\/comments?post=3279"}],"version-history":[{"count":0,"href":"https:\/\/maapp.uscenterforsafesport.org\/es\/wp-json\/wp\/v2\/pages\/3279\/revisions"}],"wp:attachment":[{"href":"https:\/\/maapp.uscenterforsafesport.org\/es\/wp-json\/wp\/v2\/media?parent=3279"}],"curies":[{"name":"wp","href":"https:\/\/api.w.org\/{rel}","templated":true}]}}